{"id":9,"date":"2021-04-23T11:24:28","date_gmt":"2021-04-23T14:24:28","guid":{"rendered":"http:\/\/campanhas.freso.com.br\/canal-aberto\/?page_id=9"},"modified":"2025-05-22T08:47:17","modified_gmt":"2025-05-22T11:47:17","slug":"canal-aberto","status":"publish","type":"page","link":"http:\/\/campanhas.freso.com.br\/canal-aberto\/","title":{"rendered":"Canal Aberto"},"content":{"rendered":"<p>[et_pb_section fb_built=&#8221;1&#8243; _builder_version=&#8221;4.4.4&#8243; background_color=&#8221;#214a8c&#8221; min_height=&#8221;140.2px&#8221; custom_padding=&#8221;||5px|||&#8221;][et_pb_row _builder_version=&#8221;4.4.4&#8243; custom_margin=&#8221;-24px|auto|-11px|auto||&#8221;][et_pb_column type=&#8221;4_4&#8243; _builder_version=&#8221;4.4.4&#8243;][et_pb_text _builder_version=&#8221;4.4.4&#8243; text_font_size=&#8221;36px&#8221; custom_margin=&#8221;-10px|||||&#8221;]<\/p>\n<p><span style=\"color: #ffffff;\">CANAL ABERTO<\/span><\/p>\n<p>[\/et_pb_text][\/et_pb_column][\/et_pb_row][\/et_pb_section][et_pb_section fb_built=&#8221;1&#8243; _builder_version=&#8221;4.4.4&#8243; custom_margin=&#8221;-20px|||||&#8221; custom_padding=&#8221;11px|||||&#8221;][et_pb_row column_structure=&#8221;3_4,1_4&#8243; _builder_version=&#8221;4.4.4&#8243;][et_pb_column type=&#8221;3_4&#8243; _builder_version=&#8221;4.4.4&#8243;][et_pb_text _builder_version=&#8221;4.4.4&#8243;]<\/p>\n<h3>Seja bem-vindo ao canal aberto de comunica\u00e7\u00e3o com a Freso<\/h3>\n<p>Este \u00e9 um canal aberto de comunica\u00e7\u00e3o criado para que voc\u00ea possa relatar para a empresa situa\u00e7\u00f5es e fatos que est\u00e3o em desacordo com nossos princ\u00edpios e valores \u00e9ticos. Todas as informa\u00e7\u00f5es relatadas ser\u00e3o avaliadas de maneira sigilosa por um comit\u00ea especial que ir\u00e1 analisar os fatos e tomar as provid\u00eancias cab\u00edveis.<\/p>\n<p>[\/et_pb_text][dvppl_cf7_styler cf7=&#8221;8&#8243; _builder_version=&#8221;4.4.4&#8243;][\/dvppl_cf7_styler][\/et_pb_column][et_pb_column type=&#8221;1_4&#8243; _builder_version=&#8221;4.4.4&#8243;][\/et_pb_column][\/et_pb_row][\/et_pb_section]<\/p>\n","protected":false},"excerpt":{"rendered":"<p>[et_pb_section fb_built=&#8221;1&#8243; _builder_version=&#8221;4.4.4&#8243; background_color=&#8221;#214a8c&#8221; min_height=&#8221;140.2px&#8221; custom_padding=&#8221;||5px|||&#8221;][et_pb_row _builder_version=&#8221;4.4.4&#8243; custom_margin=&#8221;-24px|auto|-11px|auto||&#8221;][et_pb_column type=&#8221;4_4&#8243; _builder_version=&#8221;4.4.4&#8243;][et_pb_text _builder_version=&#8221;4.4.4&#8243; text_font_size=&#8221;36px&#8221; custom_margin=&#8221;-10px|||||&#8221;] CANAL ABERTO [\/et_pb_text][\/et_pb_column][\/et_pb_row][\/et_pb_section][et_pb_section fb_built=&#8221;1&#8243; _builder_version=&#8221;4.4.4&#8243; custom_margin=&#8221;-20px|||||&#8221; custom_padding=&#8221;11px|||||&#8221;][et_pb_row column_structure=&#8221;3_4,1_4&#8243; _builder_version=&#8221;4.4.4&#8243;][et_pb_column type=&#8221;3_4&#8243; _builder_version=&#8221;4.4.4&#8243;][et_pb_text _builder_version=&#8221;4.4.4&#8243;] Seja bem-vindo ao canal aberto de comunica\u00e7\u00e3o com a Freso Este \u00e9 um canal aberto de comunica\u00e7\u00e3o criado para que voc\u00ea possa relatar para a empresa situa\u00e7\u00f5es e fatos que [&hellip;]<\/p>\n","protected":false},"author":1,"featured_media":0,"parent":0,"menu_order":0,"comment_status":"closed","ping_status":"closed","template":"","meta":{"_et_pb_use_builder":"on","_et_pb_old_content":"","_et_gb_content_width":"","footnotes":""},"class_list":["post-9","page","type-page","status-publish","hentry"],"_links":{"self":[{"href":"http:\/\/campanhas.freso.com.br\/canal-aberto\/wp-json\/wp\/v2\/pages\/9","targetHints":{"allow":["GET"]}}],"collection":[{"href":"http:\/\/campanhas.freso.com.br\/canal-aberto\/wp-json\/wp\/v2\/pages"}],"about":[{"href":"http:\/\/campanhas.freso.com.br\/canal-aberto\/wp-json\/wp\/v2\/types\/page"}],"author":[{"embeddable":true,"href":"http:\/\/campanhas.freso.com.br\/canal-aberto\/wp-json\/wp\/v2\/users\/1"}],"replies":[{"embeddable":true,"href":"http:\/\/campanhas.freso.com.br\/canal-aberto\/wp-json\/wp\/v2\/comments?post=9"}],"version-history":[{"count":5,"href":"http:\/\/campanhas.freso.com.br\/canal-aberto\/wp-json\/wp\/v2\/pages\/9\/revisions"}],"predecessor-version":[{"id":27,"href":"http:\/\/campanhas.freso.com.br\/canal-aberto\/wp-json\/wp\/v2\/pages\/9\/revisions\/27"}],"wp:attachment":[{"href":"http:\/\/campanhas.freso.com.br\/canal-aberto\/wp-json\/wp\/v2\/media?parent=9"}],"curies":[{"name":"wp","href":"https:\/\/api.w.org\/{rel}","templated":true}]}}